{"id":122,"date":"2024-09-04T17:06:28","date_gmt":"2024-09-04T15:06:28","guid":{"rendered":"https:\/\/2ae-electricitemillau.com\/?page_id=122"},"modified":"2024-09-05T09:28:52","modified_gmt":"2024-09-05T07:28:52","slug":"2ae-electricite-energie-eclairage","status":"publish","type":"page","link":"https:\/\/2ae-millau.com\/index.php\/2ae-electricite-energie-eclairage\/","title":{"rendered":"2ae Electricit\u00e9 <span>Energie \/ Eclairage<\/span>"},"content":{"rendered":"\t\t<div data-elementor-type=\"wp-page\" data-elementor-id=\"122\" class=\"elementor elementor-122\">\n\t\t\t\t<div class=\"elementor-element elementor-element-7baea1d e-flex e-con-boxed e-con e-parent\" data-id=\"7baea1d\" data-element_type=\"container\" data-e-type=\"container\">\n\t\t\t\t\t<div class=\"e-con-inner\">\n\t\t\t\t<div class=\"elementor-element elementor-element-315ab35 elementor-invisible elementor-widget elementor-widget-heading\" data-id=\"315ab35\" data-element_type=\"widget\" data-e-type=\"widget\" data-settings=\"{&quot;_animation&quot;:&quot;fadeInLeft&quot;}\" data-widget_type=\"heading.default\">\n\t\t\t\t<div class=\"elementor-widget-container\">\n\t\t\t\t\t<h1 class=\"elementor-heading-title elementor-size-default\">Entreprise d\u2019\u00e9lectricit\u00e9 \u00e0 Millau<\/h1>\t\t\t\t<\/div>\n\t\t\t\t<\/div>\n\t\t\t\t\t<\/div>\n\t\t\t\t<\/div>\n\t\t<div class=\"elementor-element elementor-element-86a2864 e-flex e-con-boxed e-con e-parent\" data-id=\"86a2864\" data-element_type=\"container\" data-e-type=\"container\">\n\t\t\t\t\t<div class=\"e-con-inner\">\n\t\t\t\t<div class=\"elementor-element elementor-element-50467dd elementor-invisible elementor-widget elementor-widget-text-editor\" data-id=\"50467dd\" data-element_type=\"widget\" data-e-type=\"widget\" data-settings=\"{&quot;_animation&quot;:&quot;fadeInLeft&quot;}\" data-widget_type=\"text-editor.default\">\n\t\t\t\t<div class=\"elementor-widget-container\">\n\t\t\t\t\t\t\t\t\t<p>Certifi\u00e9e Qualifelec, l\u2019entreprise 2ae vous assure un travail soign\u00e9, conforme aux normes, et garantit la s\u00e9curit\u00e9 de vos installations \u00e9lectriques.\u00a0<\/p>\t\t\t\t\t\t\t\t<\/div>\n\t\t\t\t<\/div>\n\t\t\t\t<div class=\"elementor-element elementor-element-bcf425b elementor-widget elementor-widget-button\" data-id=\"bcf425b\" data-element_type=\"widget\" data-e-type=\"widget\" data-widget_type=\"button.default\">\n\t\t\t\t<div class=\"elementor-widget-container\">\n\t\t\t\t\t\t\t\t\t<div class=\"elementor-button-wrapper\">\n\t\t\t\t\t<a class=\"elementor-button elementor-button-link elementor-size-sm\" href=\"https:\/\/2ae-electricitemillau.com\/index.php\/entreprise-delectricite\/\" target=\"_blank\">\n\t\t\t\t\t\t<span class=\"elementor-button-content-wrapper\">\n\t\t\t\t\t\t\t\t\t<span class=\"elementor-button-text\">En savoir plus<\/span>\n\t\t\t\t\t<\/span>\n\t\t\t\t\t<\/a>\n\t\t\t\t<\/div>\n\t\t\t\t\t\t\t\t<\/div>\n\t\t\t\t<\/div>\n\t\t\t\t\t<\/div>\n\t\t\t\t<\/div>\n\t\t\t\t<\/div>\n\t\t","protected":false},"excerpt":{"rendered":"<p>Entreprise d\u2019\u00e9lectricit\u00e9 \u00e0 Millau Certifi\u00e9e Qualifelec, l\u2019entreprise 2ae vous assure un travail soign\u00e9, conforme aux normes, et garantit la s\u00e9curit\u00e9 de vos installations \u00e9lectriques.\u00a0 En savoir plus<\/p>\n","protected":false},"author":1,"featured_media":267,"parent":0,"menu_order":0,"comment_status":"closed","ping_status":"closed","template":"","meta":{"footnotes":""},"class_list":["post-122","page","type-page","status-publish","has-post-thumbnail","hentry"],"yoast_head":"<!-- This site is optimized with the Yoast SEO plugin v27.4 - https:\/\/yoast.com\/product\/yoast-seo-wordpress\/ -->\n<title>2ae Electricit\u00e9 Energie \/ Eclairage - 2AE<\/title>\n<meta name=\"robots\" content=\"index, follow, max-snippet:-1, max-image-preview:large, max-video-preview:-1\" \/>\n<link rel=\"canonical\" href=\"https:\/\/2ae-millau.com\/index.php\/2ae-electricite-energie-eclairage\/\" \/>\n<meta property=\"og:locale\" content=\"fr_FR\" \/>\n<meta property=\"og:type\" content=\"article\" \/>\n<meta property=\"og:title\" content=\"2ae Electricit\u00e9 Energie \/ Eclairage - 2AE\" \/>\n<meta property=\"og:description\" content=\"Entreprise d\u2019\u00e9lectricit\u00e9 \u00e0 Millau Certifi\u00e9e Qualifelec, l\u2019entreprise 2ae vous assure un travail soign\u00e9, conforme aux normes, et garantit la s\u00e9curit\u00e9 de vos installations \u00e9lectriques.\u00a0 En savoir plus\" \/>\n<meta property=\"og:url\" content=\"https:\/\/2ae-millau.com\/index.php\/2ae-electricite-energie-eclairage\/\" \/>\n<meta property=\"og:site_name\" content=\"2AE\" \/>\n<meta property=\"article:modified_time\" content=\"2024-09-05T07:28:52+00:00\" \/>\n<meta property=\"og:image\" content=\"https:\/\/2ae-millau.com\/wp-content\/uploads\/2024\/09\/male-electrician.jpg\" \/>\n\t<meta property=\"og:image:width\" content=\"1600\" \/>\n\t<meta property=\"og:image:height\" content=\"600\" \/>\n\t<meta property=\"og:image:type\" content=\"image\/jpeg\" \/>\n<meta name=\"twitter:card\" content=\"summary_large_image\" \/>\n<script type=\"application\/ld+json\" class=\"yoast-schema-graph\">{\"@context\":\"https:\\\/\\\/schema.org\",\"@graph\":[{\"@type\":\"WebPage\",\"@id\":\"https:\\\/\\\/2ae-millau.com\\\/index.php\\\/2ae-electricite-energie-eclairage\\\/\",\"url\":\"https:\\\/\\\/2ae-millau.com\\\/index.php\\\/2ae-electricite-energie-eclairage\\\/\",\"name\":\"2ae Electricit\u00e9 Energie \\\/ Eclairage - 2AE\",\"isPartOf\":{\"@id\":\"https:\\\/\\\/2ae-millau.com\\\/#website\"},\"primaryImageOfPage\":{\"@id\":\"https:\\\/\\\/2ae-millau.com\\\/index.php\\\/2ae-electricite-energie-eclairage\\\/#primaryimage\"},\"image\":{\"@id\":\"https:\\\/\\\/2ae-millau.com\\\/index.php\\\/2ae-electricite-energie-eclairage\\\/#primaryimage\"},\"thumbnailUrl\":\"https:\\\/\\\/2ae-millau.com\\\/wp-content\\\/uploads\\\/2024\\\/09\\\/male-electrician.jpg\",\"datePublished\":\"2024-09-04T15:06:28+00:00\",\"dateModified\":\"2024-09-05T07:28:52+00:00\",\"breadcrumb\":{\"@id\":\"https:\\\/\\\/2ae-millau.com\\\/index.php\\\/2ae-electricite-energie-eclairage\\\/#breadcrumb\"},\"inLanguage\":\"fr-FR\",\"potentialAction\":[{\"@type\":\"ReadAction\",\"target\":[\"https:\\\/\\\/2ae-millau.com\\\/index.php\\\/2ae-electricite-energie-eclairage\\\/\"]}]},{\"@type\":\"ImageObject\",\"inLanguage\":\"fr-FR\",\"@id\":\"https:\\\/\\\/2ae-millau.com\\\/index.php\\\/2ae-electricite-energie-eclairage\\\/#primaryimage\",\"url\":\"https:\\\/\\\/2ae-millau.com\\\/wp-content\\\/uploads\\\/2024\\\/09\\\/male-electrician.jpg\",\"contentUrl\":\"https:\\\/\\\/2ae-millau.com\\\/wp-content\\\/uploads\\\/2024\\\/09\\\/male-electrician.jpg\",\"width\":1600,\"height\":600,\"caption\":\"Male electrician at the checkout counter on a blurred background of a switchboard.\"},{\"@type\":\"BreadcrumbList\",\"@id\":\"https:\\\/\\\/2ae-millau.com\\\/index.php\\\/2ae-electricite-energie-eclairage\\\/#breadcrumb\",\"itemListElement\":[{\"@type\":\"ListItem\",\"position\":1,\"name\":\"Accueil\",\"item\":\"https:\\\/\\\/2ae-millau.com\\\/\"},{\"@type\":\"ListItem\",\"position\":2,\"name\":\"2ae Electricit\u00e9 Energie \\\/ Eclairage\"}]},{\"@type\":\"WebSite\",\"@id\":\"https:\\\/\\\/2ae-millau.com\\\/#website\",\"url\":\"https:\\\/\\\/2ae-millau.com\\\/\",\"name\":\"2ae\",\"description\":\"GENIE ELECTRIQUE &amp; CLIMATIQUE\",\"publisher\":{\"@id\":\"https:\\\/\\\/2ae-millau.com\\\/#organization\"},\"potentialAction\":[{\"@type\":\"SearchAction\",\"target\":{\"@type\":\"EntryPoint\",\"urlTemplate\":\"https:\\\/\\\/2ae-millau.com\\\/?s={search_term_string}\"},\"query-input\":{\"@type\":\"PropertyValueSpecification\",\"valueRequired\":true,\"valueName\":\"search_term_string\"}}],\"inLanguage\":\"fr-FR\"},{\"@type\":\"Organization\",\"@id\":\"https:\\\/\\\/2ae-millau.com\\\/#organization\",\"name\":\"2ae\",\"url\":\"https:\\\/\\\/2ae-millau.com\\\/\",\"logo\":{\"@type\":\"ImageObject\",\"inLanguage\":\"fr-FR\",\"@id\":\"https:\\\/\\\/2ae-millau.com\\\/#\\\/schema\\\/logo\\\/image\\\/\",\"url\":\"https:\\\/\\\/2ae-millau.com\\\/wp-content\\\/uploads\\\/2024\\\/08\\\/cropped-logo-noir.png\",\"contentUrl\":\"https:\\\/\\\/2ae-millau.com\\\/wp-content\\\/uploads\\\/2024\\\/08\\\/cropped-logo-noir.png\",\"width\":569,\"height\":148,\"caption\":\"2ae\"},\"image\":{\"@id\":\"https:\\\/\\\/2ae-millau.com\\\/#\\\/schema\\\/logo\\\/image\\\/\"}}]}<\/script>\n<!-- \/ Yoast SEO plugin. -->","yoast_head_json":{"title":"2ae Electricit\u00e9 Energie \/ Eclairage - 2AE","robots":{"index":"index","follow":"follow","max-snippet":"max-snippet:-1","max-image-preview":"max-image-preview:large","max-video-preview":"max-video-preview:-1"},"canonical":"https:\/\/2ae-millau.com\/index.php\/2ae-electricite-energie-eclairage\/","og_locale":"fr_FR","og_type":"article","og_title":"2ae Electricit\u00e9 Energie \/ Eclairage - 2AE","og_description":"Entreprise d\u2019\u00e9lectricit\u00e9 \u00e0 Millau Certifi\u00e9e Qualifelec, l\u2019entreprise 2ae vous assure un travail soign\u00e9, conforme aux normes, et garantit la s\u00e9curit\u00e9 de vos installations \u00e9lectriques.\u00a0 En savoir plus","og_url":"https:\/\/2ae-millau.com\/index.php\/2ae-electricite-energie-eclairage\/","og_site_name":"2AE","article_modified_time":"2024-09-05T07:28:52+00:00","og_image":[{"width":1600,"height":600,"url":"https:\/\/2ae-millau.com\/wp-content\/uploads\/2024\/09\/male-electrician.jpg","type":"image\/jpeg"}],"twitter_card":"summary_large_image","schema":{"@context":"https:\/\/schema.org","@graph":[{"@type":"WebPage","@id":"https:\/\/2ae-millau.com\/index.php\/2ae-electricite-energie-eclairage\/","url":"https:\/\/2ae-millau.com\/index.php\/2ae-electricite-energie-eclairage\/","name":"2ae Electricit\u00e9 Energie \/ Eclairage - 2AE","isPartOf":{"@id":"https:\/\/2ae-millau.com\/#website"},"primaryImageOfPage":{"@id":"https:\/\/2ae-millau.com\/index.php\/2ae-electricite-energie-eclairage\/#primaryimage"},"image":{"@id":"https:\/\/2ae-millau.com\/index.php\/2ae-electricite-energie-eclairage\/#primaryimage"},"thumbnailUrl":"https:\/\/2ae-millau.com\/wp-content\/uploads\/2024\/09\/male-electrician.jpg","datePublished":"2024-09-04T15:06:28+00:00","dateModified":"2024-09-05T07:28:52+00:00","breadcrumb":{"@id":"https:\/\/2ae-millau.com\/index.php\/2ae-electricite-energie-eclairage\/#breadcrumb"},"inLanguage":"fr-FR","potentialAction":[{"@type":"ReadAction","target":["https:\/\/2ae-millau.com\/index.php\/2ae-electricite-energie-eclairage\/"]}]},{"@type":"ImageObject","inLanguage":"fr-FR","@id":"https:\/\/2ae-millau.com\/index.php\/2ae-electricite-energie-eclairage\/#primaryimage","url":"https:\/\/2ae-millau.com\/wp-content\/uploads\/2024\/09\/male-electrician.jpg","contentUrl":"https:\/\/2ae-millau.com\/wp-content\/uploads\/2024\/09\/male-electrician.jpg","width":1600,"height":600,"caption":"Male electrician at the checkout counter on a blurred background of a switchboard."},{"@type":"BreadcrumbList","@id":"https:\/\/2ae-millau.com\/index.php\/2ae-electricite-energie-eclairage\/#breadcrumb","itemListElement":[{"@type":"ListItem","position":1,"name":"Accueil","item":"https:\/\/2ae-millau.com\/"},{"@type":"ListItem","position":2,"name":"2ae Electricit\u00e9 Energie \/ Eclairage"}]},{"@type":"WebSite","@id":"https:\/\/2ae-millau.com\/#website","url":"https:\/\/2ae-millau.com\/","name":"2ae","description":"GENIE ELECTRIQUE &amp; CLIMATIQUE","publisher":{"@id":"https:\/\/2ae-millau.com\/#organization"},"potentialAction":[{"@type":"SearchAction","target":{"@type":"EntryPoint","urlTemplate":"https:\/\/2ae-millau.com\/?s={search_term_string}"},"query-input":{"@type":"PropertyValueSpecification","valueRequired":true,"valueName":"search_term_string"}}],"inLanguage":"fr-FR"},{"@type":"Organization","@id":"https:\/\/2ae-millau.com\/#organization","name":"2ae","url":"https:\/\/2ae-millau.com\/","logo":{"@type":"ImageObject","inLanguage":"fr-FR","@id":"https:\/\/2ae-millau.com\/#\/schema\/logo\/image\/","url":"https:\/\/2ae-millau.com\/wp-content\/uploads\/2024\/08\/cropped-logo-noir.png","contentUrl":"https:\/\/2ae-millau.com\/wp-content\/uploads\/2024\/08\/cropped-logo-noir.png","width":569,"height":148,"caption":"2ae"},"image":{"@id":"https:\/\/2ae-millau.com\/#\/schema\/logo\/image\/"}}]}},"_links":{"self":[{"href":"https:\/\/2ae-millau.com\/index.php\/wp-json\/wp\/v2\/pages\/122","targetHints":{"allow":["GET"]}}],"collection":[{"href":"https:\/\/2ae-millau.com\/index.php\/wp-json\/wp\/v2\/pages"}],"about":[{"href":"https:\/\/2ae-millau.com\/index.php\/wp-json\/wp\/v2\/types\/page"}],"author":[{"embeddable":true,"href":"https:\/\/2ae-millau.com\/index.php\/wp-json\/wp\/v2\/users\/1"}],"replies":[{"embeddable":true,"href":"https:\/\/2ae-millau.com\/index.php\/wp-json\/wp\/v2\/comments?post=122"}],"version-history":[{"count":25,"href":"https:\/\/2ae-millau.com\/index.php\/wp-json\/wp\/v2\/pages\/122\/revisions"}],"predecessor-version":[{"id":329,"href":"https:\/\/2ae-millau.com\/index.php\/wp-json\/wp\/v2\/pages\/122\/revisions\/329"}],"wp:featuredmedia":[{"embeddable":true,"href":"https:\/\/2ae-millau.com\/index.php\/wp-json\/wp\/v2\/media\/267"}],"wp:attachment":[{"href":"https:\/\/2ae-millau.com\/index.php\/wp-json\/wp\/v2\/media?parent=122"}],"curies":[{"name":"wp","href":"https:\/\/api.w.org\/{rel}","templated":true}]}}