{"id":354,"date":"2024-09-05T09:51:15","date_gmt":"2024-09-05T07:51:15","guid":{"rendered":"https:\/\/2ae-electricitemillau.com\/?page_id=354"},"modified":"2024-11-12T08:21:08","modified_gmt":"2024-11-12T07:21:08","slug":"contact","status":"publish","type":"page","link":"https:\/\/2ae-millau.com\/index.php\/contact\/","title":{"rendered":"Contact"},"content":{"rendered":"\t\t<div data-elementor-type=\"wp-page\" data-elementor-id=\"354\" class=\"elementor elementor-354\">\n\t\t\t\t<div class=\"elementor-element elementor-element-4236973 e-flex e-con-boxed e-con e-parent\" data-id=\"4236973\" data-element_type=\"container\" data-e-type=\"container\">\n\t\t\t\t\t<div class=\"e-con-inner\">\n\t\t<div class=\"elementor-element elementor-element-e8714ea e-con-full e-flex e-con e-child\" data-id=\"e8714ea\" data-element_type=\"container\" data-e-type=\"container\">\n\t\t\t\t<div class=\"elementor-element elementor-element-3a67939 elementor-widget elementor-widget-heading\" data-id=\"3a67939\" data-element_type=\"widget\" data-e-type=\"widget\" data-widget_type=\"heading.default\">\n\t\t\t\t<div class=\"elementor-widget-container\">\n\t\t\t\t\t<h1 class=\"elementor-heading-title elementor-size-default\">Nous contacter<\/h1>\t\t\t\t<\/div>\n\t\t\t\t<\/div>\n\t\t\t\t<div class=\"elementor-element elementor-element-884537d elementor-widget elementor-widget-shortcode\" data-id=\"884537d\" data-element_type=\"widget\" data-e-type=\"widget\" data-widget_type=\"shortcode.default\">\n\t\t\t\t<div class=\"elementor-widget-container\">\n\t\t\t\t\t\t\t<div class=\"elementor-shortcode\">\n<div class=\"wpcf7 no-js\" id=\"wpcf7-f394-o1\" lang=\"fr-FR\" dir=\"ltr\" data-wpcf7-id=\"394\">\n<div class=\"screen-reader-response\"><p role=\"status\" aria-live=\"polite\" aria-atomic=\"true\"><\/p> <ul><\/ul><\/div>\n<form action=\"\/index.php\/wp-json\/wp\/v2\/pages\/354#wpcf7-f394-o1\" method=\"post\" class=\"wpcf7-form init\" aria-label=\"Formulaire de contact\" novalidate=\"novalidate\" data-status=\"init\">\n<fieldset class=\"hidden-fields-container\"><input type=\"hidden\" name=\"_wpcf7\" value=\"394\" \/><input type=\"hidden\" name=\"_wpcf7_version\" value=\"6.1.5\" \/><input type=\"hidden\" name=\"_wpcf7_locale\" value=\"fr_FR\" \/><input type=\"hidden\" name=\"_wpcf7_unit_tag\" value=\"wpcf7-f394-o1\" \/><input type=\"hidden\" name=\"_wpcf7_container_post\" value=\"0\" \/><input type=\"hidden\" name=\"_wpcf7_posted_data_hash\" value=\"\" \/>\n<\/fieldset>\n<p><span class=\"wpcf7-form-control-wrap\" data-name=\"quiz-229\"><label><span class=\"wpcf7-quiz-label\">1+1=?<\/span> <input size=\"40\" class=\"wpcf7-form-control wpcf7-quiz\" autocomplete=\"off\" aria-required=\"true\" aria-invalid=\"false\" type=\"text\" name=\"quiz-229\" \/><\/label><input type=\"hidden\" name=\"_wpcf7_quiz_answer_quiz-229\" value=\"7f823211bff7d001c76ace68e7db1c93\" \/><\/span><label> Votre nom<br \/>\n<span class=\"wpcf7-form-control-wrap\" data-name=\"your-name\"><input size=\"40\" maxlength=\"400\" class=\"wpcf7-form-control wpcf7-text wpcf7-validates-as-required\" autocomplete=\"name\" aria-required=\"true\" aria-invalid=\"false\" value=\"\" type=\"text\" name=\"your-name\" \/><\/span> <\/label>\n<\/p>\n<p><label> Votre e-mail<br \/>\n<span class=\"wpcf7-form-control-wrap\" data-name=\"your-email\"><input size=\"40\" maxlength=\"400\" class=\"wpcf7-form-control wpcf7-email wpcf7-validates-as-required wpcf7-text wpcf7-validates-as-email\" autocomplete=\"email\" aria-required=\"true\" aria-invalid=\"false\" value=\"\" type=\"email\" name=\"your-email\" \/><\/span> <\/label>\n<\/p>\n<p><label> Objet<br \/>\n<span class=\"wpcf7-form-control-wrap\" data-name=\"your-subject\"><input size=\"40\" maxlength=\"400\" class=\"wpcf7-form-control wpcf7-text wpcf7-validates-as-required\" aria-required=\"true\" aria-invalid=\"false\" value=\"\" type=\"text\" name=\"your-subject\" \/><\/span> <\/label>\n<\/p>\n<p><label> Votre message<br \/>\n<span class=\"wpcf7-form-control-wrap\" data-name=\"your-message\"><textarea cols=\"40\" rows=\"10\" maxlength=\"2000\" class=\"wpcf7-form-control wpcf7-textarea\" aria-invalid=\"false\" name=\"your-message\"><\/textarea><\/span> <\/label>\n<\/p>\n<p><input class=\"wpcf7-form-control wpcf7-submit has-spinner\" type=\"submit\" value=\"Envoyer\" \/>\n<\/p><div class=\"wpcf7-response-output\" aria-hidden=\"true\"><\/div>\n<\/form>\n<\/div>\n<\/div>\n\t\t\t\t\t\t<\/div>\n\t\t\t\t<\/div>\n\t\t\t\t<\/div>\n\t\t<div class=\"elementor-element elementor-element-c0d82ed e-con-full e-flex e-con e-child\" data-id=\"c0d82ed\" data-element_type=\"container\" data-e-type=\"container\">\n\t\t\t\t<div class=\"elementor-element elementor-element-121d8be elementor-widget elementor-widget-google_maps\" data-id=\"121d8be\" data-element_type=\"widget\" data-e-type=\"widget\" data-widget_type=\"google_maps.default\">\n\t\t\t\t<div class=\"elementor-widget-container\">\n\t\t\t\t\t\t\t<div class=\"elementor-custom-embed\">\n\t\t\t<iframe loading=\"lazy\"\n\t\t\t\t\tsrc=\"https:\/\/maps.google.com\/maps?q=%20819%20Rue%20Des%20Hauts%20Du%20Vivier%2012100%20MILLAU&#038;t=m&#038;z=10&#038;output=embed&#038;iwloc=near\"\n\t\t\t\t\ttitle=\" 819 Rue Des Hauts Du Vivier 12100 MILLAU\"\n\t\t\t\t\taria-label=\" 819 Rue Des Hauts Du Vivier 12100 MILLAU\"\n\t\t\t><\/iframe>\n\t\t<\/div>\n\t\t\t\t\t\t<\/div>\n\t\t\t\t<\/div>\n\t\t\t\t<div class=\"elementor-element elementor-element-676f303 elementor-widget elementor-widget-spacer\" data-id=\"676f303\" data-element_type=\"widget\" data-e-type=\"widget\" data-widget_type=\"spacer.default\">\n\t\t\t\t<div class=\"elementor-widget-container\">\n\t\t\t\t\t\t\t<div class=\"elementor-spacer\">\n\t\t\t<div class=\"elementor-spacer-inner\"><\/div>\n\t\t<\/div>\n\t\t\t\t\t\t<\/div>\n\t\t\t\t<\/div>\n\t\t\t\t<div class=\"elementor-element elementor-element-c9e5d2b elementor-invisible elementor-widget elementor-widget-image\" data-id=\"c9e5d2b\" data-element_type=\"widget\" data-e-type=\"widget\" data-settings=\"{&quot;_animation&quot;:&quot;fadeInRight&quot;}\" data-widget_type=\"image.default\">\n\t\t\t\t<div class=\"elementor-widget-container\">\n\t\t\t\t\t\t\t\t\t\t\t\t\t\t\t<img decoding=\"async\" width=\"300\" height=\"78\" src=\"https:\/\/2ae-millau.com\/wp-content\/uploads\/2024\/08\/logo-noir-300x78.png\" class=\"attachment-medium size-medium wp-image-34\" alt=\"\" srcset=\"https:\/\/2ae-millau.com\/wp-content\/uploads\/2024\/08\/logo-noir-300x78.png 300w, https:\/\/2ae-millau.com\/wp-content\/uploads\/2024\/08\/logo-noir.png 569w\" sizes=\"(max-width: 300px) 100vw, 300px\" \/>\t\t\t\t\t\t\t\t\t\t\t\t\t\t\t<\/div>\n\t\t\t\t<\/div>\n\t\t\t\t<div class=\"elementor-element elementor-element-5c048f2 elementor-invisible elementor-widget elementor-widget-heading\" data-id=\"5c048f2\" data-element_type=\"widget\" data-e-type=\"widget\" data-settings=\"{&quot;_animation&quot;:&quot;fadeInRight&quot;}\" data-widget_type=\"heading.default\">\n\t\t\t\t<div class=\"elementor-widget-container\">\n\t\t\t\t\t<h2 class=\"elementor-heading-title elementor-size-default\">Votre sp\u00e9cialiste\nde l\u2019\u00e9lectricit\u00e9 en Aveyron<\/h2>\t\t\t\t<\/div>\n\t\t\t\t<\/div>\n\t\t\t\t<div class=\"elementor-element elementor-element-0412bcc elementor-invisible elementor-widget elementor-widget-text-editor\" data-id=\"0412bcc\" data-element_type=\"widget\" data-e-type=\"widget\" data-settings=\"{&quot;_animation&quot;:&quot;fadeInRight&quot;}\" data-widget_type=\"text-editor.default\">\n\t\t\t\t<div class=\"elementor-widget-container\">\n\t\t\t\t\t\t\t\t\t<p>819 rue des Hauts du Vivier \u2022 12100 MILLAU<\/p><p><strong><span aria-label=\"Appeler le 05 65 60 73 14\">05 65 60 73 14<\/span><\/strong><\/p>\t\t\t\t\t\t\t\t<\/div>\n\t\t\t\t<\/div>\n\t\t\t\t<\/div>\n\t\t\t\t\t<\/div>\n\t\t\t\t<\/div>\n\t\t\t\t<\/div>\n\t\t","protected":false},"excerpt":{"rendered":"<p>Nous contacter Votre sp\u00e9cialiste de l\u2019\u00e9lectricit\u00e9 en Aveyron 819 rue des Hauts du Vivier \u2022 12100 MILLAU 05 65 60 73 14<\/p>\n","protected":false},"author":1,"featured_media":0,"parent":0,"menu_order":0,"comment_status":"closed","ping_status":"closed","template":"","meta":{"footnotes":""},"class_list":["post-354","page","type-page","status-publish","hentry"],"yoast_head":"<!-- This site is optimized with the Yoast SEO plugin v27.3 - https:\/\/yoast.com\/product\/yoast-seo-wordpress\/ -->\n<title>Contact - 2AE<\/title>\n<meta name=\"description\" content=\"Depuis plus de 20 ans Julien Belet et son entreprise 2ae sont au service de vos syst\u00e8mes \u00e9lectriques dans toute la r\u00e9gion.\" \/>\n<meta name=\"robots\" content=\"index, follow, max-snippet:-1, max-image-preview:large, max-video-preview:-1\" \/>\n<link rel=\"canonical\" href=\"https:\/\/2ae-millau.com\/index.php\/contact\/\" \/>\n<meta property=\"og:locale\" content=\"fr_FR\" \/>\n<meta property=\"og:type\" content=\"article\" \/>\n<meta property=\"og:title\" content=\"Contact - 2AE\" \/>\n<meta property=\"og:description\" content=\"Depuis plus de 20 ans Julien Belet et son entreprise 2ae sont au service de vos syst\u00e8mes \u00e9lectriques dans toute la r\u00e9gion.\" \/>\n<meta property=\"og:url\" content=\"https:\/\/2ae-millau.com\/index.php\/contact\/\" \/>\n<meta property=\"og:site_name\" content=\"2AE\" \/>\n<meta property=\"article:modified_time\" content=\"2024-11-12T07:21:08+00:00\" \/>\n<meta property=\"og:image\" content=\"https:\/\/2ae-millau.com\/wp-content\/uploads\/2024\/08\/logo-noir.png\" \/>\n\t<meta property=\"og:image:width\" content=\"569\" \/>\n\t<meta property=\"og:image:height\" content=\"148\" \/>\n\t<meta property=\"og:image:type\" content=\"image\/png\" \/>\n<meta name=\"twitter:card\" content=\"summary_large_image\" \/>\n<meta name=\"twitter:label1\" content=\"Dur\u00e9e de lecture estim\u00e9e\" \/>\n\t<meta name=\"twitter:data1\" content=\"1 minute\" \/>\n<script type=\"application\/ld+json\" class=\"yoast-schema-graph\">{\"@context\":\"https:\\\/\\\/schema.org\",\"@graph\":[{\"@type\":\"WebPage\",\"@id\":\"https:\\\/\\\/2ae-millau.com\\\/index.php\\\/contact\\\/\",\"url\":\"https:\\\/\\\/2ae-millau.com\\\/index.php\\\/contact\\\/\",\"name\":\"Contact - 2AE\",\"isPartOf\":{\"@id\":\"https:\\\/\\\/2ae-millau.com\\\/#website\"},\"primaryImageOfPage\":{\"@id\":\"https:\\\/\\\/2ae-millau.com\\\/index.php\\\/contact\\\/#primaryimage\"},\"image\":{\"@id\":\"https:\\\/\\\/2ae-millau.com\\\/index.php\\\/contact\\\/#primaryimage\"},\"thumbnailUrl\":\"https:\\\/\\\/2ae-millau.com\\\/wp-content\\\/uploads\\\/2024\\\/08\\\/logo-noir-300x78.png\",\"datePublished\":\"2024-09-05T07:51:15+00:00\",\"dateModified\":\"2024-11-12T07:21:08+00:00\",\"description\":\"Depuis plus de 20 ans Julien Belet et son entreprise 2ae sont au service de vos syst\u00e8mes \u00e9lectriques dans toute la r\u00e9gion.\",\"breadcrumb\":{\"@id\":\"https:\\\/\\\/2ae-millau.com\\\/index.php\\\/contact\\\/#breadcrumb\"},\"inLanguage\":\"fr-FR\",\"potentialAction\":[{\"@type\":\"ReadAction\",\"target\":[\"https:\\\/\\\/2ae-millau.com\\\/index.php\\\/contact\\\/\"]}]},{\"@type\":\"ImageObject\",\"inLanguage\":\"fr-FR\",\"@id\":\"https:\\\/\\\/2ae-millau.com\\\/index.php\\\/contact\\\/#primaryimage\",\"url\":\"https:\\\/\\\/2ae-millau.com\\\/wp-content\\\/uploads\\\/2024\\\/08\\\/logo-noir.png\",\"contentUrl\":\"https:\\\/\\\/2ae-millau.com\\\/wp-content\\\/uploads\\\/2024\\\/08\\\/logo-noir.png\",\"width\":569,\"height\":148},{\"@type\":\"BreadcrumbList\",\"@id\":\"https:\\\/\\\/2ae-millau.com\\\/index.php\\\/contact\\\/#breadcrumb\",\"itemListElement\":[{\"@type\":\"ListItem\",\"position\":1,\"name\":\"Accueil\",\"item\":\"https:\\\/\\\/2ae-millau.com\\\/\"},{\"@type\":\"ListItem\",\"position\":2,\"name\":\"Contact\"}]},{\"@type\":\"WebSite\",\"@id\":\"https:\\\/\\\/2ae-millau.com\\\/#website\",\"url\":\"https:\\\/\\\/2ae-millau.com\\\/\",\"name\":\"2ae\",\"description\":\"GENIE ELECTRIQUE &amp; CLIMATIQUE\",\"publisher\":{\"@id\":\"https:\\\/\\\/2ae-millau.com\\\/#organization\"},\"potentialAction\":[{\"@type\":\"SearchAction\",\"target\":{\"@type\":\"EntryPoint\",\"urlTemplate\":\"https:\\\/\\\/2ae-millau.com\\\/?s={search_term_string}\"},\"query-input\":{\"@type\":\"PropertyValueSpecification\",\"valueRequired\":true,\"valueName\":\"search_term_string\"}}],\"inLanguage\":\"fr-FR\"},{\"@type\":\"Organization\",\"@id\":\"https:\\\/\\\/2ae-millau.com\\\/#organization\",\"name\":\"2ae\",\"url\":\"https:\\\/\\\/2ae-millau.com\\\/\",\"logo\":{\"@type\":\"ImageObject\",\"inLanguage\":\"fr-FR\",\"@id\":\"https:\\\/\\\/2ae-millau.com\\\/#\\\/schema\\\/logo\\\/image\\\/\",\"url\":\"https:\\\/\\\/2ae-millau.com\\\/wp-content\\\/uploads\\\/2024\\\/08\\\/cropped-logo-noir.png\",\"contentUrl\":\"https:\\\/\\\/2ae-millau.com\\\/wp-content\\\/uploads\\\/2024\\\/08\\\/cropped-logo-noir.png\",\"width\":569,\"height\":148,\"caption\":\"2ae\"},\"image\":{\"@id\":\"https:\\\/\\\/2ae-millau.com\\\/#\\\/schema\\\/logo\\\/image\\\/\"}}]}<\/script>\n<!-- \/ Yoast SEO plugin. -->","yoast_head_json":{"title":"Contact - 2AE","description":"Depuis plus de 20 ans Julien Belet et son entreprise 2ae sont au service de vos syst\u00e8mes \u00e9lectriques dans toute la r\u00e9gion.","robots":{"index":"index","follow":"follow","max-snippet":"max-snippet:-1","max-image-preview":"max-image-preview:large","max-video-preview":"max-video-preview:-1"},"canonical":"https:\/\/2ae-millau.com\/index.php\/contact\/","og_locale":"fr_FR","og_type":"article","og_title":"Contact - 2AE","og_description":"Depuis plus de 20 ans Julien Belet et son entreprise 2ae sont au service de vos syst\u00e8mes \u00e9lectriques dans toute la r\u00e9gion.","og_url":"https:\/\/2ae-millau.com\/index.php\/contact\/","og_site_name":"2AE","article_modified_time":"2024-11-12T07:21:08+00:00","og_image":[{"width":569,"height":148,"url":"https:\/\/2ae-millau.com\/wp-content\/uploads\/2024\/08\/logo-noir.png","type":"image\/png"}],"twitter_card":"summary_large_image","twitter_misc":{"Dur\u00e9e de lecture estim\u00e9e":"1 minute"},"schema":{"@context":"https:\/\/schema.org","@graph":[{"@type":"WebPage","@id":"https:\/\/2ae-millau.com\/index.php\/contact\/","url":"https:\/\/2ae-millau.com\/index.php\/contact\/","name":"Contact - 2AE","isPartOf":{"@id":"https:\/\/2ae-millau.com\/#website"},"primaryImageOfPage":{"@id":"https:\/\/2ae-millau.com\/index.php\/contact\/#primaryimage"},"image":{"@id":"https:\/\/2ae-millau.com\/index.php\/contact\/#primaryimage"},"thumbnailUrl":"https:\/\/2ae-millau.com\/wp-content\/uploads\/2024\/08\/logo-noir-300x78.png","datePublished":"2024-09-05T07:51:15+00:00","dateModified":"2024-11-12T07:21:08+00:00","description":"Depuis plus de 20 ans Julien Belet et son entreprise 2ae sont au service de vos syst\u00e8mes \u00e9lectriques dans toute la r\u00e9gion.","breadcrumb":{"@id":"https:\/\/2ae-millau.com\/index.php\/contact\/#breadcrumb"},"inLanguage":"fr-FR","potentialAction":[{"@type":"ReadAction","target":["https:\/\/2ae-millau.com\/index.php\/contact\/"]}]},{"@type":"ImageObject","inLanguage":"fr-FR","@id":"https:\/\/2ae-millau.com\/index.php\/contact\/#primaryimage","url":"https:\/\/2ae-millau.com\/wp-content\/uploads\/2024\/08\/logo-noir.png","contentUrl":"https:\/\/2ae-millau.com\/wp-content\/uploads\/2024\/08\/logo-noir.png","width":569,"height":148},{"@type":"BreadcrumbList","@id":"https:\/\/2ae-millau.com\/index.php\/contact\/#breadcrumb","itemListElement":[{"@type":"ListItem","position":1,"name":"Accueil","item":"https:\/\/2ae-millau.com\/"},{"@type":"ListItem","position":2,"name":"Contact"}]},{"@type":"WebSite","@id":"https:\/\/2ae-millau.com\/#website","url":"https:\/\/2ae-millau.com\/","name":"2ae","description":"GENIE ELECTRIQUE &amp; CLIMATIQUE","publisher":{"@id":"https:\/\/2ae-millau.com\/#organization"},"potentialAction":[{"@type":"SearchAction","target":{"@type":"EntryPoint","urlTemplate":"https:\/\/2ae-millau.com\/?s={search_term_string}"},"query-input":{"@type":"PropertyValueSpecification","valueRequired":true,"valueName":"search_term_string"}}],"inLanguage":"fr-FR"},{"@type":"Organization","@id":"https:\/\/2ae-millau.com\/#organization","name":"2ae","url":"https:\/\/2ae-millau.com\/","logo":{"@type":"ImageObject","inLanguage":"fr-FR","@id":"https:\/\/2ae-millau.com\/#\/schema\/logo\/image\/","url":"https:\/\/2ae-millau.com\/wp-content\/uploads\/2024\/08\/cropped-logo-noir.png","contentUrl":"https:\/\/2ae-millau.com\/wp-content\/uploads\/2024\/08\/cropped-logo-noir.png","width":569,"height":148,"caption":"2ae"},"image":{"@id":"https:\/\/2ae-millau.com\/#\/schema\/logo\/image\/"}}]}},"_links":{"self":[{"href":"https:\/\/2ae-millau.com\/index.php\/wp-json\/wp\/v2\/pages\/354","targetHints":{"allow":["GET"]}}],"collection":[{"href":"https:\/\/2ae-millau.com\/index.php\/wp-json\/wp\/v2\/pages"}],"about":[{"href":"https:\/\/2ae-millau.com\/index.php\/wp-json\/wp\/v2\/types\/page"}],"author":[{"embeddable":true,"href":"https:\/\/2ae-millau.com\/index.php\/wp-json\/wp\/v2\/users\/1"}],"replies":[{"embeddable":true,"href":"https:\/\/2ae-millau.com\/index.php\/wp-json\/wp\/v2\/comments?post=354"}],"version-history":[{"count":22,"href":"https:\/\/2ae-millau.com\/index.php\/wp-json\/wp\/v2\/pages\/354\/revisions"}],"predecessor-version":[{"id":397,"href":"https:\/\/2ae-millau.com\/index.php\/wp-json\/wp\/v2\/pages\/354\/revisions\/397"}],"wp:attachment":[{"href":"https:\/\/2ae-millau.com\/index.php\/wp-json\/wp\/v2\/media?parent=354"}],"curies":[{"name":"wp","href":"https:\/\/api.w.org\/{rel}","templated":true}]}}